{"id":454,"date":"2025-08-15T11:44:18","date_gmt":"2025-08-15T09:44:18","guid":{"rendered":"http:\/\/straydog.de\/?page_id=2"},"modified":"2025-08-21T14:33:25","modified_gmt":"2025-08-21T12:33:25","slug":"strayverse","status":"publish","type":"page","link":"https:\/\/strayverse.com\/en\/","title":{"rendered":"Start"},"content":{"rendered":"<div class=\"wpb-content-wrapper\"><div class=\"vc_row wpb_row vc_row-fluid\"><div class=\"wpb_column vc_column_container vc_col-sm-12\"><div class=\"vc_column-inner\"><div class=\"wpb_wrapper\">\n\t<div class=\"wpb_text_column wpb_content_element\" >\n\t\t<div class=\"wpb_wrapper\">\n\t\t\t\n\t\t<\/div>\n\t<\/div>\n<\/div><\/div><\/div><\/div><div id=\"gallery\" class=\"vc_row wpb_row vc_row-fluid abstand-startseite wpb_animate_when_almost_visible wpb_fadeInUp fadeInUp vc_row-o-content-middle vc_row-flex\"><div class=\"wpb_column vc_column_container vc_col-sm-12\"><div class=\"vc_column-inner\"><div class=\"wpb_wrapper\"><div class=\"vc_empty_space  abstand-gallery-unten\"   style=\"height: 40px\"><span class=\"vc_empty_space_inner\"><\/span><\/div><div class=\"vc_row wpb_row vc_inner vc_row-fluid section-large vc_row-o-content-middle vc_row-flex\"><div class=\"wpb_column vc_column_container vc_col-sm-4\"><div class=\"vc_column-inner\"><div class=\"wpb_wrapper\"><div id=\"ultimate-heading-429869e60efa869f5\" class=\"uvc-heading ult-adjust-bottom-margin ultimate-heading-429869e60efa869f5 uvc-7199\" data-hspacer=\"no_spacer\"  data-halign=\"left\" style=\"text-align:left\"><div class=\"uvc-heading-spacer no_spacer\" style=\"top\"><\/div><div class=\"uvc-main-heading ult-responsive\"  data-ultimate-target='.uvc-heading.ultimate-heading-429869e60efa869f5 h1'  data-responsive-json-new='{\"font-size\":\"desktop:50px;tablet:50px;tablet_portrait:50px;mobile_landscape:44px;mobile:40px;\",\"line-height\":\"desktop:54px;tablet:54px;tablet_portrait:54px;mobile_landscape:50px;mobile:46px;\"}' ><h1 style=\"font-weight:bold;color:#8F4A4F;margin-bottom:15px;\">Unfiltered. Urban. STRAYVERSE<\/h1><\/div><\/div>\n\t<div class=\"wpb_text_column wpb_content_element  vc_custom_1752235132957 text-black\" >\n\t\t<div class=\"wpb_wrapper\">\n\t\t\t<p>STRAYVERSE follows people who don\u2019t conform. Between art, sports, media and street culture, they don\u2019t follow trends \u2013 they set them.<\/p>\n<p>Two seasons per year. 12 episodes per season. 15 minutes each. 6+ hours of high-impact content per year<\/p>\n<p>Visually raw, deeply engaging \u2013 created for digital platforms with maximum flexibility for sponsor integration.<\/p>\n\n\t\t<\/div>\n\t<\/div>\n<div class=\"vc_empty_space\"   style=\"height: 32px\"><span class=\"vc_empty_space_inner\"><\/span><\/div><\/div><\/div><\/div><div class=\"wpb_column vc_column_container vc_col-sm-8\"><div class=\"vc_column-inner\"><div class=\"wpb_wrapper\">\n\t<div  class=\"wpb_single_image wpb_content_element vc_align_center  vc_custom_1748959303667\">\n\t\t\n\t\t<figure class=\"wpb_wrapper vc_figure\">\n\t\t\t<div class=\"vc_single_image-wrapper   vc_box_border_grey\"><img loading=\"lazy\" decoding=\"async\" width=\"900\" height=\"832\" src=\"https:\/\/strayverse.com\/wp-content\/uploads\/2025\/05\/Stryverse-Television.jpg\" class=\"vc_single_image-img attachment-full\" alt=\"\" title=\"Stryverse-Television\" srcset=\"https:\/\/strayverse.com\/wp-content\/uploads\/2025\/05\/Stryverse-Television.jpg 900w, https:\/\/strayverse.com\/wp-content\/uploads\/2025\/05\/Stryverse-Television-300x277.jpg 300w, https:\/\/strayverse.com\/wp-content\/uploads\/2025\/05\/Stryverse-Television-768x710.jpg 768w, https:\/\/strayverse.com\/wp-content\/uploads\/2025\/05\/Stryverse-Television-13x12.jpg 13w\" sizes=\"auto, (max-width: 900px) 100vw, 900px\"  data-dt-location=\"https:\/\/strayverse.com\/en\/strayverse\/stryverse-television\/\" \/><\/div>\n\t\t<\/figure>\n\t<\/div>\n<\/div><\/div><\/div><\/div><div class=\"vc_empty_space  abstand-gallery-unten\"   style=\"height: 40px\"><span class=\"vc_empty_space_inner\"><\/span><\/div><\/div><\/div><\/div><\/div><!-- Row Backgrounds --><div class=\"upb_color\" data-bg-override=\"ex-full\" data-bg-color=\"#F1EFE3\" data-fadeout=\"\" data-fadeout-percentage=\"30\" data-parallax-content=\"\" data-parallax-content-sense=\"30\" data-row-effect-mobile-disable=\"true\" data-img-parallax-mobile-disable=\"true\" data-rtl=\"false\"  data-custom-vc-row=\"\"  data-vc=\"8.5\"  data-is_old_vc=\"\"  data-theme-support=\"\"   data-overlay=\"false\" data-overlay-color=\"\" data-overlay-pattern=\"\" data-overlay-pattern-opacity=\"\" data-overlay-pattern-size=\"\"    ><\/div><div data-vc-full-width=\"true\" data-vc-full-width-temp=\"true\" data-vc-full-width-init=\"false\" class=\"vc_row wpb_row vc_row-fluid abstand-startseite wpb_animate_when_almost_visible wpb_fadeInUp fadeInUp\"><div class=\"wpb_column vc_column_container vc_col-sm-12\"><div class=\"vc_column-inner\"><div class=\"wpb_wrapper\"><div class=\"vc_empty_space  abstand-gallery-unten\"   style=\"height: 40px\"><span class=\"vc_empty_space_inner\"><\/span><\/div><div class=\"vc_row wpb_row vc_inner vc_row-fluid vc_row-o-content-middle vc_row-flex\"><div class=\"wpb_column vc_column_container vc_col-sm-8\"><div class=\"vc_column-inner\"><div class=\"wpb_wrapper\">\n\t<div  class=\"wpb_single_image wpb_content_element vc_align_center  vc_custom_1749049387838\">\n\t\t\n\t\t<figure class=\"wpb_wrapper vc_figure\">\n\t\t\t<div class=\"vc_single_image-wrapper   vc_box_border_grey\"><img loading=\"lazy\" decoding=\"async\" width=\"875\" height=\"799\" src=\"https:\/\/strayverse.com\/wp-content\/uploads\/2025\/06\/Slider-01-content-neu2.jpg\" class=\"vc_single_image-img attachment-full\" alt=\"\" title=\"Slider-01-content-neu2\" srcset=\"https:\/\/strayverse.com\/wp-content\/uploads\/2025\/06\/Slider-01-content-neu2.jpg 875w, https:\/\/strayverse.com\/wp-content\/uploads\/2025\/06\/Slider-01-content-neu2-300x274.jpg 300w, https:\/\/strayverse.com\/wp-content\/uploads\/2025\/06\/Slider-01-content-neu2-768x701.jpg 768w, https:\/\/strayverse.com\/wp-content\/uploads\/2025\/06\/Slider-01-content-neu2-13x12.jpg 13w\" sizes=\"auto, (max-width: 875px) 100vw, 875px\"  data-dt-location=\"https:\/\/strayverse.com\/en\/strayverse\/slider-01-content-neu2\/\" \/><\/div>\n\t\t<\/figure>\n\t<\/div>\n<\/div><\/div><\/div><div class=\"wpb_column vc_column_container vc_col-sm-4\"><div class=\"vc_column-inner\"><div class=\"wpb_wrapper\"><div class=\"vc_empty_space\"   style=\"height: 32px\"><span class=\"vc_empty_space_inner\"><\/span><\/div><div id=\"ultimate-heading-513969e60efa87e52\" class=\"uvc-heading ult-adjust-bottom-margin ultimate-heading-513969e60efa87e52 uvc-8892\" data-hspacer=\"no_spacer\"  data-halign=\"left\" style=\"text-align:left\"><div class=\"uvc-heading-spacer no_spacer\" style=\"top\"><\/div><div class=\"uvc-main-heading ult-responsive\"  data-ultimate-target='.uvc-heading.ultimate-heading-513969e60efa87e52 h2'  data-responsive-json-new='{\"font-size\":\"desktop:50px;tablet:50px;tablet_portrait:50px;mobile_landscape:40px;mobile:36px;\",\"line-height\":\"desktop:54px;tablet:54px;tablet_portrait:54px;mobile_landscape:46px;mobile:42px;\"}' ><h2 style=\"font-weight:bold;color:#8F4A4F;margin-top:20px;margin-bottom:15px;\">Different Together<\/h2><\/div><\/div>\n\t<div class=\"wpb_text_column wpb_content_element  vc_custom_1748003021444 text-black\" >\n\t\t<div class=\"wpb_wrapper\">\n\t\t\t<p>Our community unites those who dare to be different - the artists, the rebels, and the visionaries who aren't afraid to challenge the status quo.<\/p>\n<p>We believe in raw authenticity over polished perfection, experiences over possessions, and the power of genuine self-expression.<\/p>\n\n\t\t<\/div>\n\t<\/div>\n<div class=\"vc_empty_space\"   style=\"height: 32px\"><span class=\"vc_empty_space_inner\"><\/span><\/div><\/div><\/div><\/div><\/div><\/div><\/div><\/div><\/div><div class=\"vc_row-full-width vc_clearfix\"><\/div><!-- Row Backgrounds --><div class=\"upb_color\" data-bg-override=\"ex-full\" data-bg-color=\"#FFFFFF\" data-fadeout=\"\" data-fadeout-percentage=\"30\" data-parallax-content=\"\" data-parallax-content-sense=\"30\" data-row-effect-mobile-disable=\"true\" data-img-parallax-mobile-disable=\"true\" data-rtl=\"false\"  data-custom-vc-row=\"\"  data-vc=\"8.5\"  data-is_old_vc=\"\"  data-theme-support=\"\"   data-overlay=\"false\" data-overlay-color=\"\" data-overlay-pattern=\"\" data-overlay-pattern-opacity=\"\" data-overlay-pattern-size=\"\"    ><\/div><div class=\"vc_row wpb_row vc_row-fluid vc_row-o-full-height vc_row-o-columns-middle vc_row-o-equal-height vc_row-flex\"><div class=\"wpb_column vc_column_container vc_col-sm-12\"><div class=\"vc_column-inner\"><div class=\"wpb_wrapper\"><div id=\"ultimate-heading-887769e60efa8808a\" class=\"uvc-heading ult-adjust-bottom-margin ultimate-heading-887769e60efa8808a uvc-3771\" data-hspacer=\"no_spacer\"  data-halign=\"center\" style=\"text-align:center\"><div class=\"uvc-heading-spacer no_spacer\" style=\"top\"><\/div><div class=\"uvc-main-heading ult-responsive\"  data-ultimate-target='.uvc-heading.ultimate-heading-887769e60efa8808a h2'  data-responsive-json-new='{\"font-size\":\"desktop:50px;tablet:50px;tablet_portrait:50px;mobile_landscape:44px;mobile:40px;\",\"line-height\":\"desktop:54px;tablet:54px;tablet_portrait:54px;mobile_landscape:50px;mobile:46px;\"}' ><h2 style=\"font-weight:bold;color:#FFFFFF;margin-bottom:15px;\">Tell Us Your Story<\/h2><\/div><div class=\"uvc-sub-heading ult-responsive\"  data-ultimate-target='.uvc-heading.ultimate-heading-887769e60efa8808a .uvc-sub-heading '  data-responsive-json-new='{\"font-size\":\"desktop:18px;\",\"line-height\":\"desktop:24px;\"}'  style=\"font-weight:normal;color:#FFFFFF;\">Whether you're an artist, athlete, dreamer, or digital nomad,  STRAYVERSE is your home. We don't follow trends - we create new paths forward. Join us in redefining what it means to stray from the ordinary and embrace the extraordinary<\/div><\/div><div class=\"vc_empty_space\"   style=\"height: 30px\"><span class=\"vc_empty_space_inner\"><\/span><\/div><div class=\"ubtn-ctn-center\"><a class=\"ubtn-link ult-adjust-bottom-margin ubtn-center ubtn-custom\" href=\"mailto:cast@strayverse.com\" ><button type=\"button\" id=\"ubtn-8228\"  class=\"ubtn ult-adjust-bottom-margin ult-responsive ubtn-custom ubtn-fade-bg  ulta-grow  ubtn-sep-icon ubtn-sep-icon-bottom-push  ubtn-shd  ubtn-center  shd-bottom tooltip-69e60efa88107\"  data-hover=\"#F1EFE3\" data-border-color=\"\" data-bg=\"#000000\" data-hover-bg=\"#8F4A4F\" data-border-hover=\"\" data-shadow-hover=\"0 5px ;\" data-shadow-click=\"none\" data-shadow=\"0 5px ;\" data-shd-shadow=\"5\"  data-ultimate-target='#ubtn-8228'  data-responsive-json-new='{\"font-size\":\"desktop:30px;mobile_landscape:28px;mobile:26px;\",\"line-height\":\"desktop:36px;mobile_landscape:34px;mobile:32px;\"}'  style=\"font-weight:normal;width:340px;min-height:90px;padding:20px 20px;border:none;box-shadow: 0 5px ;background: #000000;color: #FFFFFF;\"><span class=\"ubtn-data ubtn-icon\"><i class=\"icomoon-the7-font-the7-mail-09\" style=\"font-size:62px;color:#F1EFE3;\"><\/i><\/span><span class=\"ubtn-hover\" style=\"background-color:#8F4A4F\"><\/span><span class=\"ubtn-data ubtn-text\" >cast@strayverse.com<\/span><\/button><\/a><\/div><\/div><\/div><\/div><\/div><!-- Row Backgrounds --><div class=\"upb_bg_img\" data-ultimate-bg=\"url(https:\/\/strayverse.com\/wp-content\/uploads\/2025\/06\/test2.jpg)\" data-image-id=\"id^825|url^https:\/\/strayverse.com\/wp-content\/uploads\/2025\/06\/test2.jpg|caption^null|alt^null|title^test2|description^null\" data-ultimate-bg-style=\"vcpb-default\" data-bg-img-repeat=\"repeat\" data-bg-img-size=\"cover\" data-bg-img-position=\"\" data-parallx_sense=\"30\" data-bg-override=\"browser_size\" data-bg_img_attach=\"fixed\" data-upb-overlay-color=\"\" data-upb-bg-animation=\"\" data-fadeout=\"\" data-bg-animation=\"left-animation\" data-bg-animation-type=\"h\" data-animation-repeat=\"repeat\" data-fadeout-percentage=\"30\" data-parallax-content=\"\" data-parallax-content-sense=\"30\" data-row-effect-mobile-disable=\"true\" data-img-parallax-mobile-disable=\"true\" data-rtl=\"false\"  data-custom-vc-row=\"\"  data-vc=\"8.5\"  data-is_old_vc=\"\"  data-theme-support=\"\"   data-overlay=\"false\" data-overlay-color=\"\" data-overlay-pattern=\"\" data-overlay-pattern-opacity=\"\" data-overlay-pattern-size=\"\"    ><\/div><div data-vc-full-width=\"true\" data-vc-full-width-temp=\"true\" data-vc-full-width-init=\"false\" data-vc-stretch-content=\"true\" class=\"vc_row wpb_row vc_row-fluid\"><div class=\"wpb_column vc_column_container vc_col-sm-12 vc_hidden-lg vc_hidden-md vc_hidden-sm vc_hidden-xs\"><div class=\"vc_column-inner\"><div class=\"wpb_wrapper\"><div id=\"ultimate-heading-766869e60efa883eb\" class=\"uvc-heading ult-adjust-bottom-margin ultimate-heading-766869e60efa883eb uvc-2516 quar-text\" data-hspacer=\"line_with_icon\" data-hline_width=\"120\" data-hicon_type=\"selector\" data-hborder_style=\"solid\" data-hborder_height=\"3\" data-hborder_color=\"#000000\" data-icon_width=\"18\" data-hfixer=\"10\"  data-halign=\"center\" style=\"text-align:center\"><div class=\"uvc-sub-heading ult-responsive\"  data-ultimate-target='.uvc-heading.ultimate-heading-766869e60efa883eb .uvc-sub-heading '  data-responsive-json-new='{\"font-size\":\"desktop:81px;mobile_landscape:51px;mobile:28px;\",\"line-height\":\"desktop:91px;mobile_landscape:61px;mobile:38px;\"}'  style=\"font-weight:bold;color:#f7f7f7;\">StrayZ Documentary # Beautiful Mistakes Documentary # Underground Culture Documentary # Real Street Stories # Urban Culture &amp; Music # Fashion &amp; Style # Art &amp; Performance<\/div><div class=\"uvc-heading-spacer line_with_icon\" style=\"margin-bottom:40px;height:18px;\"><div class=\"ult-just-icon-wrapper\"><div class=\"align-icon\" style=\"text-align:center;\">\n<div class=\"aio-icon none\"  style=\"color:#000000;font-size:18px;display:inline-block;\">\n\t<i class=\"Defaults-angle-down\"><\/i>\n<\/div><\/div><\/div><\/div><\/div><\/div><\/div><\/div><\/div><div class=\"vc_row-full-width vc_clearfix\"><\/div><!-- Row Backgrounds --><div class=\"upb_bg_img\" data-ultimate-bg=\"https:\/\/strayverse.com\/wp-content\/uploads\/2025\/05\/bg-neu.jpg\" data-ultimate-bg-style=\"vcpb-fs-jquery\" data-bg-img-repeat=\"repeat\" data-bg-img-size=\"cover\" data-bg-img-position=\"\" data-parallx_sense=\"30\" data-bg-override=\"ex-full\" data-bg_img_attach=\"scroll\" data-upb-overlay-color=\"\" data-upb-bg-animation=\"\" data-fadeout=\"\" data-fadeout-percentage=\"30\" data-parallax-content=\"\" data-parallax-content-sense=\"30\" data-row-effect-mobile-disable=\"true\" data-img-parallax-mobile-disable=\"true\" data-rtl=\"false\"  data-custom-vc-row=\"\"  data-vc=\"8.5\"  data-is_old_vc=\"\"  data-theme-support=\"\"   data-overlay=\"false\" data-overlay-color=\"\" data-overlay-pattern=\"\" data-overlay-pattern-opacity=\"\" data-overlay-pattern-size=\"\"    ><\/div>\n<\/div>","protected":false},"excerpt":{"rendered":"<p>Unfiltered. Urban. STRAYVERSE STRAYVERSE begleitet Menschen, die sich nicht anpassen. Zwischen Kunst, Sport, Medien und Street Culture folgen sie keinen Trends \u2013 sie setzen sie. Zwei Staffeln pro Jahr. 12 Episoden pro Staffel. Jeweils 15 Minuten. 6+ Stunden High-Impact-Content pro Jahr Visuell roh, tiefgr\u00fcndig und fesselnd \u2013 produziert f\u00fcr digitale Plattformen mit maximaler Flexibilit\u00e4t f\u00fcr&hellip;<\/p>","protected":false},"author":1,"featured_media":527,"parent":0,"menu_order":0,"comment_status":"closed","ping_status":"closed","template":"template-microsite.php","meta":{"footnotes":""},"class_list":["post-454","page","type-page","status-publish","has-post-thumbnail","hentry","description-off"],"_links":{"self":[{"href":"https:\/\/strayverse.com\/en\/wp-json\/wp\/v2\/pages\/454","targetHints":{"allow":["GET"]}}],"collection":[{"href":"https:\/\/strayverse.com\/en\/wp-json\/wp\/v2\/pages"}],"about":[{"href":"https:\/\/strayverse.com\/en\/wp-json\/wp\/v2\/types\/page"}],"author":[{"embeddable":true,"href":"https:\/\/strayverse.com\/en\/wp-json\/wp\/v2\/users\/1"}],"replies":[{"embeddable":true,"href":"https:\/\/strayverse.com\/en\/wp-json\/wp\/v2\/comments?post=454"}],"version-history":[{"count":10,"href":"https:\/\/strayverse.com\/en\/wp-json\/wp\/v2\/pages\/454\/revisions"}],"predecessor-version":[{"id":851,"href":"https:\/\/strayverse.com\/en\/wp-json\/wp\/v2\/pages\/454\/revisions\/851"}],"wp:featuredmedia":[{"embeddable":true,"href":"https:\/\/strayverse.com\/en\/wp-json\/wp\/v2\/media\/527"}],"wp:attachment":[{"href":"https:\/\/strayverse.com\/en\/wp-json\/wp\/v2\/media?parent=454"}],"curies":[{"name":"wp","href":"https:\/\/api.w.org\/{rel}","templated":true}]}}